{"id":95,"date":"2022-04-20T09:21:49","date_gmt":"2022-04-20T09:21:49","guid":{"rendered":"http:\/\/kaistheguymusic.com\/?page_id=95"},"modified":"2022-04-20T12:34:45","modified_gmt":"2022-04-20T12:34:45","slug":"press","status":"publish","type":"page","link":"https:\/\/kaistheguymusic.com\/de\/press\/","title":{"rendered":"Presse \/ Download"},"content":{"rendered":"<p style=\"font-size:24px\">Liebe Medienschaffende, Blogger, Journalisten!<br>Vielen Dank f\u00fcr euer Interesse an meiner Person und meiner Kunst! Unter diesem Link k\u00f6nnt ihr euch ein paar Bilder downloaden. Bitte beachtet die Fotocredits in den Dateinamen und bitte meldet euch bei jeglicher Art von Ver\u00f6ffentlichung - ich bin neugierig was ihr zu meiner Musik und meinem Dasein als K\u00fcnstler zu erz\u00e4hlen wisst.<\/p>\n\n\n\n<p style=\"font-size:24px\"><a href=\"https:\/\/www.dropbox.com\/sh\/f0njlm8nsc8k5i1\/AAANv466fdgddtdMUrIpliXda?dl=0\" target=\"_blank\" rel=\"noreferrer noopener\">Dropbox Download Fotos<\/a><\/p>","protected":false},"excerpt":{"rendered":"<p>Dear media professionals, bloggers, journalists!Thank you for your interest in my person and my art! Under this link you can download a few pictures. Please note the photo credits in the file names and please contact me for any kind of publication &#8211; I&#8217;m curious <span class=\"read-more\"><a class=\"more-link btn btn-transparent\" href=\"https:\/\/kaistheguymusic.com\/de\/press\/\">Read More &#8230;<\/a><\/span><\/p>","protected":false},"author":1,"featured_media":0,"parent":0,"menu_order":0,"comment_status":"closed","ping_status":"closed","template":"","meta":{"footnotes":""},"class_list":["post-95","page","type-page","status-publish","hentry"],"_links":{"self":[{"href":"https:\/\/kaistheguymusic.com\/de\/wp-json\/wp\/v2\/pages\/95","targetHints":{"allow":["GET"]}}],"collection":[{"href":"https:\/\/kaistheguymusic.com\/de\/wp-json\/wp\/v2\/pages"}],"about":[{"href":"https:\/\/kaistheguymusic.com\/de\/wp-json\/wp\/v2\/types\/page"}],"author":[{"embeddable":true,"href":"https:\/\/kaistheguymusic.com\/de\/wp-json\/wp\/v2\/users\/1"}],"replies":[{"embeddable":true,"href":"https:\/\/kaistheguymusic.com\/de\/wp-json\/wp\/v2\/comments?post=95"}],"version-history":[{"count":5,"href":"https:\/\/kaistheguymusic.com\/de\/wp-json\/wp\/v2\/pages\/95\/revisions"}],"predecessor-version":[{"id":132,"href":"https:\/\/kaistheguymusic.com\/de\/wp-json\/wp\/v2\/pages\/95\/revisions\/132"}],"wp:attachment":[{"href":"https:\/\/kaistheguymusic.com\/de\/wp-json\/wp\/v2\/media?parent=95"}],"curies":[{"name":"wp","href":"https:\/\/api.w.org\/{rel}","templated":true}]}}