{"id":23,"date":"2022-03-30T21:07:00","date_gmt":"2022-03-30T21:07:00","guid":{"rendered":"http:\/\/kaistheguymusic.com\/?page_id=23"},"modified":"2022-04-20T11:07:35","modified_gmt":"2022-04-20T11:07:35","slug":"note-to-myself","status":"publish","type":"page","link":"https:\/\/kaistheguymusic.com\/de\/note-to-myself\/","title":{"rendered":"Notiz an mich selbst"},"content":{"rendered":"<div class=\"wp-block-columns alignwide are-vertically-aligned-center is-layout-flex wp-container-core-columns-is-layout-9d6595d7 wp-block-columns-is-layout-flex\">\n<div class=\"wp-block-column is-vertically-aligned-center is-layout-flow wp-block-column-is-layout-flow\" style=\"flex-basis:29%\">\n<figure class=\"wp-block-image\"><img loading=\"lazy\" decoding=\"async\" width=\"819\" height=\"1024\" src=\"http:\/\/kaistheguymusic.com\/wp-content\/uploads\/2022\/04\/DLO1890_web-1-819x1024.jpg\" alt=\"\" class=\"wp-image-109\" srcset=\"https:\/\/kaistheguymusic.com\/wp-content\/uploads\/2022\/04\/DLO1890_web-1-819x1024.jpg 819w, https:\/\/kaistheguymusic.com\/wp-content\/uploads\/2022\/04\/DLO1890_web-1-240x300.jpg 240w, https:\/\/kaistheguymusic.com\/wp-content\/uploads\/2022\/04\/DLO1890_web-1-768x960.jpg 768w, https:\/\/kaistheguymusic.com\/wp-content\/uploads\/2022\/04\/DLO1890_web-1-1229x1536.jpg 1229w, https:\/\/kaistheguymusic.com\/wp-content\/uploads\/2022\/04\/DLO1890_web-1-1639x2048.jpg 1639w, https:\/\/kaistheguymusic.com\/wp-content\/uploads\/2022\/04\/DLO1890_web-1-10x12.jpg 10w, https:\/\/kaistheguymusic.com\/wp-content\/uploads\/2022\/04\/DLO1890_web-1-scaled.jpg 2048w\" sizes=\"auto, (max-width: 819px) 100vw, 819px\" \/><\/figure>\n<\/div>\n\n\n\n<div class=\"wp-block-column is-vertically-aligned-center is-layout-flow wp-block-column-is-layout-flow\" style=\"flex-basis:71%\">\n<p style=\"font-size:24px\">Meine ersten Songs sind eine Notiz an mich selbst, in der ich mich selbst zum ersten Mal erkenne und sehe. Ich habe mir all die Ebenen meiner Erfahrungen angeschaut, sie in einzelnen Schichten abgesch\u00e4lt und dann festgestellt, dass ich nicht wirklich gl\u00fccklich war. Ich habe angeeignete Verhaltensweisen oder sozialen Normen nur dazu benutzt, um akzeptiert zu werden. Auf der Suche nach Aktzeptanz, die aus der Angst vor dem Alleinsein resultierte, habe ich mich ironischerweise der Selbstzerst\u00f6rung zugewandt, nur um eine Leere zu f\u00fcllen. T\u00e4glicher Rausch und Drogenkonsum f\u00fchrten dazu, dass ich viele Freunde, Arbeitspl\u00e4tze und Freundschaften verlor. Ich wurde verbittert und w\u00fctend, hatte Selbstmordgedanken und unz\u00e4hlige Kontakte mit der Polizei. Dann kam die Corona-Pandemie, was in Wirklichkeit f\u00fcr mich ein Segen war! Obwohl ich alles verloren hatte, zwang mich diese Ausnahmesituation dazu, mich zum ersten Mal mit mir selbst auseinanderzusetzen und Verantwortung zu \u00fcbernehmen. Ich begann mir selbst zuzuh\u00f6ren und alles was ich h\u00f6rte aufzuschreiben.  So hatte ich M\u00f6glichkeit mich aus einer Au\u00dfenperspektive zu betrachten. Ich empfand das als heilsam, aber auch be\u00e4ngstigend zugleich. Im Laufe dieser tiefen Analyse meinerselbst wurde mir klar, dass mein Leben nicht mir geh\u00f6rte. Mir wurde klar, dass nichts von dem was ich getan habe, der Job, der Freund oder sogar meine Entscheidung, nach Europa zu ziehen, wegen etwas Echtem oder Ehrlichem getroffen wurde. Sondern nur um zu beweisen, das ich erfolgreich bin! Als ich mir dar\u00fcber im Klaren war,  verstand ich, dass ich mir nie eine Chance gegeben habe, verletzlich zu sein oder sogar bei etwas zu versagen. Ich habe mir nie die Chance gegeben, mich von Kindheitstraumata zu heilen. Ich war zu sehr damit besch\u00e4ftigt, mich um alle anderen zu k\u00fcmmern. Ich habe mir selbst nie die Chance gegeben, voll und ganz zu lieben oder mich zu \u00f6ffnen, weil ich Mauern an Stellen errichtet hatte, die aufgrund meiner eigenen Bew\u00e4ltigungsmechanismen verborgen waren. Ich hatte kein Selbstwertgef\u00fchl. Ich habe mich selbst gehasst und das hat mich nicht wachsen lassen.\u00a0<\/p>\n<\/div>\n<\/div>\n\n\n\n<p style=\"font-size:24px\">Diese Musik ist das erste Kunstwerk, von dem ich sagen kann, dass es aus meinem Herzen kommt. Es ist ein Kai, der seine Wahrheit ausspricht und den Heilungsprozess einleitet. Es ist okay, nicht perfekt zu sein, aber es ist nicht okay, Dinge zu sagen oder zu tun, die auf der Meinung anderer basieren. Meine Absicht mit den kommenden Songs ist es, meinen Weg zur\u00fcck zu einem Liebesbewusstsein zu finden und wenn ihr euch mir in diesem Prozess anschlie\u00dfen wollt, dann ist das gro\u00dfartig. Aber denkt daran, dass wir alle an denselben Ort gehen werden. Auch wenn einige vielleicht l\u00e4nger brauchen als andere, um dorthin zu gelangen, mindert das nicht ihren Wert! Deine Reise ist einzigartig f\u00fcr dich und hat genauso viel Wert wie jedes Andere im Universum, sei es ein Sandkorn oder eine Sternschnuppe. Ich m\u00f6chte dazu beitragen, eine Gesellschaft zu schaffen, die in die dunklen Ecken schaut und die Spinnweben entfernt. Eine Gesellschaft, die Dinge im tiefen Bewusstsein erforscht, die uns vielleicht verborgen geblieben sind. Die Liebe wird immer siegen, aber zuerst m\u00fcssen wir uns selbst lieben, bevor wir jemand anderen lieben k\u00f6nnen!&nbsp;<\/p>\n\n\n\n<p style=\"font-size:24px\">Meine Debut-Single \"How Much\" handelt von genau diesem Punkt in meinem Leben, an dem ich eine einfache Wahrheit erkannte! Mein Leben geh\u00f6rte nicht mir und trotz all des Erfolgs, den ich angesammelt hatte, war es wegen einiger sozialer Probleme, die ich als Kind erfahren hatte, nicht angenehm. Es ist, als ob man an den Punkt kommt und anf\u00e4ngt sich Fragen zu stellen wie: Wie viel kann ich ertragen? Wie lange soll ich mir das zumuten? Das war der erste Schritt, ein Schritt zur Selbsterkenntnis und Akzeptanz!&nbsp;<\/p>","protected":false},"excerpt":{"rendered":"<p>My first songs are a note to myself, me recognizing and seeing myself for the first time. Looking at all the layers of experience, peeling that off, then realizing I really wasn&#8217;t happy. I used these accumulated behaviors or social norms just to be accepted <span class=\"read-more\"><a class=\"more-link btn btn-transparent\" href=\"https:\/\/kaistheguymusic.com\/de\/note-to-myself\/\">Read More &#8230;<\/a><\/span><\/p>","protected":false},"author":1,"featured_media":104,"parent":0,"menu_order":0,"comment_status":"closed","ping_status":"closed","template":"","meta":{"footnotes":""},"class_list":["post-23","page","type-page","status-publish","has-post-thumbnail","hentry"],"_links":{"self":[{"href":"https:\/\/kaistheguymusic.com\/de\/wp-json\/wp\/v2\/pages\/23","targetHints":{"allow":["GET"]}}],"collection":[{"href":"https:\/\/kaistheguymusic.com\/de\/wp-json\/wp\/v2\/pages"}],"about":[{"href":"https:\/\/kaistheguymusic.com\/de\/wp-json\/wp\/v2\/types\/page"}],"author":[{"embeddable":true,"href":"https:\/\/kaistheguymusic.com\/de\/wp-json\/wp\/v2\/users\/1"}],"replies":[{"embeddable":true,"href":"https:\/\/kaistheguymusic.com\/de\/wp-json\/wp\/v2\/comments?post=23"}],"version-history":[{"count":10,"href":"https:\/\/kaistheguymusic.com\/de\/wp-json\/wp\/v2\/pages\/23\/revisions"}],"predecessor-version":[{"id":110,"href":"https:\/\/kaistheguymusic.com\/de\/wp-json\/wp\/v2\/pages\/23\/revisions\/110"}],"wp:featuredmedia":[{"embeddable":true,"href":"https:\/\/kaistheguymusic.com\/de\/wp-json\/wp\/v2\/media\/104"}],"wp:attachment":[{"href":"https:\/\/kaistheguymusic.com\/de\/wp-json\/wp\/v2\/media?parent=23"}],"curies":[{"name":"wp","href":"https:\/\/api.w.org\/{rel}","templated":true}]}}