{"id":2,"date":"2022-03-29T21:37:56","date_gmt":"2022-03-29T21:37:56","guid":{"rendered":"http:\/\/kaistheguymusic.com\/?page_id=2"},"modified":"2022-04-20T12:21:01","modified_gmt":"2022-04-20T12:21:01","slug":"sample-page","status":"publish","type":"page","link":"https:\/\/kaistheguymusic.com\/de\/sample-page\/","title":{"rendered":"\u00dcber mich"},"content":{"rendered":"<p style=\"font-size:25px\">Kai Immanuel Alonzo Braithwaite wurde in Virginia Beach, VA, geboren und begann seine Ausbildung zum T\u00e4nzer im Alter von 8 Jahren an der Harlem School of the Arts in New York City. Am Broadway spielte er die Rolle des jungen Simba in The Lion King. Nach seinem Abschluss am SUNY Purchase College mit einem Bachelor of Fine Arts im Jahr 2009 setzte er seine Karriere als Ballettt\u00e4nzer in Europa fort.<br>W\u00e4hrend seines Abschlussjahres am College wurde Kai eine Stelle beim Dance Theater of Harlem unter der Leitung von Arthur Mitchell angeboten, aber aufgrund kultureller Umst\u00e4nde und geringer M\u00f6glichkeiten entschied er sich, nach Deutschland zu ziehen.<br>Nach seinem Umzug nach Deutschland ist es Kai gelungen, ein Gleichgewicht zwischen allen Leidenschaften zu finden und alle Aspekte seiner Pers\u00f6nlichkeit einzubeziehen, sei es beim Songschreiben, im Eventmanagement oder einfach als Mentor f\u00fcr andere. Zurzeit arbeitet er an der Komischen Oper Berlin und sucht weiterhin nach neuen, inspirierenden Abenteuern, immer mit dem Gedanken im Hinterkopf, dass man an sich selbst glauben muss, bevor jemand anderes an einen glauben kann!\u00a0<\/p>\n\n\n\n<p style=\"font-size:25px\">\"Als Kind mit einer wilden Neugierde und einer gro\u00dfen Klappe begann ich mit Redewettbewerben und Gedichtwettbewerben. Das war immer zweitrangig gegen\u00fcber dem Tanz, aber irgendwie hatte ich damit mehr Erfolg und gewann mehr Redewettbewerbe als mit dem Tanz! Als Erwachsener kam das wieder zum Vorschein. Ich f\u00fchlte mich gezwungen, Tagebuch zu f\u00fchren oder Lieder zu schreiben, die mir im Kopf herumschwirrten, und das wurde zu einem sicheren Ort der Verbindung zu mir selbst. Nachdem ich so viele Gedanken aufgeschrieben hatte, war es unvermeidlich, dass ich sp\u00e4ter eine andere M\u00f6glichkeit finden w\u00fcrde, sie auszudr\u00fccken, aber so etwas h\u00e4tte ich nie erwartet. Bei der Beerdigung meiner Gro\u00dfmutter sollte ich also ein Lied singen. Ich war so nerv\u00f6s, dass ich mir \"Amazing Grace\" ausgesucht habe, weil es das einfachste Lied ist und man es nicht wirklich vermasseln kann. Nun, ich habe es vermasselt und es war mir so peinlich, dass ich das Lied nicht einmal zu Ende singen konnte. Meine Schwester Renee half mir, und ich war gerettet, aber wegen meiner perfektionistischen Z\u00fcge wollte ich nicht aufgeben, und ich versprach meiner verstorbenen Gro\u00dfmutter, dass ich das, was sie mir beigebracht hatte, anwenden und lernen w\u00fcrde, wie man vor Publikum singt. Sehen Sie, meine Gro\u00dfmutter hat mich gro\u00dfgezogen, und sie war diejenige, die mir die ganze Schulbildung erm\u00f6glicht hat. Es war also ihr Antrieb, der mich nach der Schule zum Vorsingen geschleppt hat, oder ihr Antrieb, der mich an einer Akademie eingeschrieben hat, die es mir erm\u00f6glichte, mit 12 Jahren eine Broadway-Karriere zu machen oder das College zu absolvieren. Kurz danach kam ich nach Deutschland und das erste, was ich tat, war, mich f\u00fcr die Theatergruppe am Staatstheater Bremerhaven anzumelden. Es stellte sich heraus, dass ich ziemlich gut war und seitdem habe ich mich zu dem Punkt hochgearbeitet, an dem ich jetzt bin. Mit meiner ersten Single kann ich also sagen, dass ich die Angst vor dem Singen vor einem Live-Publikum \u00fcberwunden habe!\"&nbsp;<\/p>","protected":false},"excerpt":{"rendered":"<p>Born in Virginia Beach, VA Kai Immanuel Alonzo Braithwaite began his training at the Harlem School of the Arts in New York City at the age of 8. He went on to have a career on Broadway performing as the Young Simba in The Lion <span class=\"read-more\"><a class=\"more-link btn btn-transparent\" href=\"https:\/\/kaistheguymusic.com\/de\/sample-page\/\">Read More &#8230;<\/a><\/span><\/p>","protected":false},"author":1,"featured_media":0,"parent":0,"menu_order":0,"comment_status":"closed","ping_status":"closed","template":"","meta":{"footnotes":""},"class_list":["post-2","page","type-page","status-publish","hentry"],"_links":{"self":[{"href":"https:\/\/kaistheguymusic.com\/de\/wp-json\/wp\/v2\/pages\/2","targetHints":{"allow":["GET"]}}],"collection":[{"href":"https:\/\/kaistheguymusic.com\/de\/wp-json\/wp\/v2\/pages"}],"about":[{"href":"https:\/\/kaistheguymusic.com\/de\/wp-json\/wp\/v2\/types\/page"}],"author":[{"embeddable":true,"href":"https:\/\/kaistheguymusic.com\/de\/wp-json\/wp\/v2\/users\/1"}],"replies":[{"embeddable":true,"href":"https:\/\/kaistheguymusic.com\/de\/wp-json\/wp\/v2\/comments?post=2"}],"version-history":[{"count":6,"href":"https:\/\/kaistheguymusic.com\/de\/wp-json\/wp\/v2\/pages\/2\/revisions"}],"predecessor-version":[{"id":127,"href":"https:\/\/kaistheguymusic.com\/de\/wp-json\/wp\/v2\/pages\/2\/revisions\/127"}],"wp:attachment":[{"href":"https:\/\/kaistheguymusic.com\/de\/wp-json\/wp\/v2\/media?parent=2"}],"curies":[{"name":"wp","href":"https:\/\/api.w.org\/{rel}","templated":true}]}}